{"id":164,"date":"2026-03-14T14:27:34","date_gmt":"2026-03-14T13:27:34","guid":{"rendered":"https:\/\/murdertrainproductions.com\/?page_id=164"},"modified":"2026-03-21T19:45:29","modified_gmt":"2026-03-21T18:45:29","slug":"ausschreibungen","status":"publish","type":"page","link":"https:\/\/murdertrainproductions.com\/?page_id=164","title":{"rendered":"Ausschreibungen"},"content":{"rendered":"<div class=\"kb-row-layout-wrap kb-row-layout-id164_e11378-a4 alignfull has-theme-palette9-background-color kt-row-has-bg wp-block-kadence-rowlayout\"><div class=\"kt-row-column-wrap kt-has-1-columns kt-row-layout-equal kt-tab-layout-inherit kt-mobile-layout-row kt-row-valign-top kb-theme-content-width\">\n\n<div class=\"wp-block-kadence-column kadence-column164_1b2ea2-7a inner-column-1\"><div class=\"kt-inside-inner-col\">\n<h2 class=\"kt-adv-heading164_badd0f-79 wp-block-kadence-advancedheading has-theme-palette-3-color has-text-color\" data-kb-block=\"kb-adv-heading164_badd0f-79\">Aktuelle Projekte &amp; Kooperationen<\/h2>\n\n\n\n<p class=\"has-text-align-center\">Gerade suchen wir Unterst\u00fctzung in folgenden Projekten und Bereichen. Bei Interesse schreib uns \u00fcber das Kontaktformular eine Nachricht.<\/p>\n\n\n\n<div class=\"wp-block-kadence-tabs alignnone\"><div class=\"kt-tabs-wrap kt-tabs-id164_d5e53c-ce kt-tabs-has-5-tabs kt-active-tab-1 kt-tabs-layout-vtabs kt-tabs-tablet-layout-inherit kt-tabs-mobile-layout-accordion kt-tab-alignment-left kt-create-accordion\"><ul class=\"kt-tabs-title-list\"><li id=\"tab-photoshootingvonhusernundwohnungen\" class=\"kt-title-item kt-title-item-1 kt-tabs-svg-show-always kt-tabs-icon-side-right kt-tab-title-active\"><a href=\"#tab-photoshootingvonhusernundwohnungen\" data-tab=\"1\" class=\"kt-tab-title kt-tab-title-1 \"><span class=\"kt-title-text\">Photoshooting von H\u00e4usern und Wohnungen<\/span><\/a><\/li><li id=\"tab-modelsfrfotowettbewerb\" class=\"kt-title-item kt-title-item-2 kt-tabs-svg-show-always kt-tabs-icon-side-right kt-tab-title-inactive\"><a href=\"#tab-modelsfrfotowettbewerb\" data-tab=\"2\" class=\"kt-tab-title kt-tab-title-2 \"><span class=\"kt-title-text\">Models f\u00fcr Fotowettbewerb<\/span><\/a><\/li><li id=\"tab-paarefrportfoliogesucht\" class=\"kt-title-item kt-title-item-3 kt-tabs-svg-show-always kt-tabs-icon-side-right kt-tab-title-inactive\"><a href=\"#tab-paarefrportfoliogesucht\" data-tab=\"3\" class=\"kt-tab-title kt-tab-title-3 \"><span class=\"kt-title-text\">Paare f\u00fcr Portfolio gesucht<\/span><\/a><\/li><li id=\"tab-testleserfranthologie\" class=\"kt-title-item kt-title-item-4 kt-tabs-svg-show-always kt-tabs-icon-side-right kt-tab-title-inactive\"><a href=\"#tab-testleserfranthologie\" data-tab=\"4\" class=\"kt-tab-title kt-tab-title-4 \"><span class=\"kt-title-text\">Testleser f\u00fcr Anthologie<\/span><\/a><\/li><li id=\"tab-cuttermwd\" class=\"kt-title-item kt-title-item-5 kt-tabs-svg-show-always kt-tabs-icon-side-right kt-tab-title-inactive\"><a href=\"#tab-cuttermwd\" data-tab=\"5\" class=\"kt-tab-title kt-tab-title-5 \"><span class=\"kt-title-text\">Cutter (m\/w\/d)<\/span><\/a><\/li><\/ul><div class=\"kt-tabs-content-wrap\">\n<div class=\"wp-block-kadence-tab kt-tab-inner-content kt-inner-tab-1 kt-inner-tabc7133d-86\"><div class=\"kt-tab-inner-content-inner\">\n<p class=\"kt-adv-heading164_37a8fc-d8 wp-block-kadence-advancedheading has-theme-palette-3-color has-text-color\" data-kb-block=\"kb-adv-heading164_37a8fc-d8\">Derzeitig mache ich Panoramas f\u00fcr ein Theaterprojekt der Caritas Vorarlberg. Daf\u00fcr brauche ich vor allem verschiedene R\u00e4ume, die als B\u00fchnenbild dienen sollen.  Gesucht werden:<\/p>\n\n\n\n<ul class=\"wp-block-list\">\n<li>Sozialwohnung &#8211; K\u00fcche<\/li>\n\n\n\n<li>Jugendzimmer &#8211; einfach<\/li>\n\n\n\n<li>Jugendzimmer &#8211; luxuri\u00f6s<\/li>\n\n\n\n<li>Wohn- \/Ess-\/ K\u00fcchenbereich &#8211; Villa\/ wohlhabender Haushalt<\/li>\n\n\n\n<li>Fl\u00fcchtlingsunterkunft<\/li>\n\n\n\n<li>Durchschnitrliches Zimmer &#8211; Wohn-, Arbeits- oder Kinderzimmer<\/li>\n\n\n\n<li>Zimmer &#8211; wohlhabender Haushalt<\/li>\n<\/ul>\n\n\n\n<div class=\"kt-adv-heading164_ea9f47-9f wp-block-kadence-advancedheading has-theme-palette-3-color has-text-color\" data-kb-block=\"kb-adv-heading164_ea9f47-9f\">Wichtig ist, dass es nicht unbedingt ein echtes Fl\u00fcchtlingszimmer oder Villa sein muss.  Es werden auch dazu passende Au\u00dfenansichten vom Eingang des Hauses gesucht. Das Photoshooting wird ca. eine Stunde dauern. <br>Bitte melde dich sobald wie m\u00f6glich!<\/div>\n<\/div><\/div>\n\n\n\n<div class=\"wp-block-kadence-tab kt-tab-inner-content kt-inner-tab-2 kt-inner-tab7694d9-08\"><div class=\"kt-tab-inner-content-inner\">\n<p class=\"kt-adv-heading164_01e49e-ba wp-block-kadence-advancedheading has-theme-palette-3-color has-text-color\" data-kb-block=\"kb-adv-heading164_01e49e-ba\">Im Zuge des IG Windkraft Fotowettbewerb bin ich auf der Suche nach Models f\u00fcr verschiedene Fotoshootings. Genaue Pl\u00e4ne gibt es noch nicht aber ich w\u00fcrde mich \u00fcber eine Gruppe an Interessenten freuen.<\/p>\n\n\n\n<div class=\"kt-adv-heading164_44e2fc-97 wp-block-kadence-advancedheading has-theme-palette-3-color has-text-color\" data-kb-block=\"kb-adv-heading164_44e2fc-97\"><a href=\"https:\/\/www.igwindkraft.at\/tag-des-windes\/fotowettbewerb\" target=\"_blank\" rel=\"noreferrer noopener\">Mehr zum Wettbewerb<\/a><\/div>\n<\/div><\/div>\n\n\n\n<div class=\"wp-block-kadence-tab kt-tab-inner-content kt-inner-tab-3 kt-inner-tab297ebb-e0\"><div class=\"kt-tab-inner-content-inner\">\n<p class=\"kt-adv-heading164_28663a-25 wp-block-kadence-advancedheading has-theme-palette-3-color has-text-color\" data-kb-block=\"kb-adv-heading164_28663a-25\">Im Zuge meiner Aktualisierung meines Portfolios suche ich nach Paaren die gerne ein Photoshooting machen w\u00fcrden. Im Gegenzug zur Nutzung der Fotos f\u00fcr mein Portfolio oder Werbezwecke, bekommt ihr ein professionelles Fotoshooting gratis mit Bildbearbeitung. Alle Geschlechter und Beziehungstypen sind willkommen! <\/p>\n\n\n\n<div class=\"kt-adv-heading164_80e15b-34 wp-block-kadence-advancedheading has-theme-palette-3-color has-text-color\" data-kb-block=\"kb-adv-heading164_80e15b-34\"><a href=\"https:\/\/murdertrainproductions.mypixieset.com\/\" target=\"_blank\" rel=\"noreferrer noopener\">Mein Portfolio<\/a><\/div>\n<\/div><\/div>\n\n\n\n<div class=\"wp-block-kadence-tab kt-tab-inner-content kt-inner-tab-4 kt-inner-tab164_a7bbfc-ce\"><div class=\"kt-tab-inner-content-inner\">\n<p>Derzeitig suche ich Testleser f\u00fcr eine Science-Fiction Anthologie, die ich in den letzten Jahren geschrieben habe. Alle Geschichten spielen im gleichen Universum zu anderen Zeiten und mit verschiedenen Charakteren. Es gibt einige Eigenbegriffe, die aus dem Englischen oder Latein \u00fcbernommen sind, aber der Gro\u00dfteil der Geschichten sind auf Deutsch. Als Testleser*in w\u00e4re es deine Aufgabe die Anthologie durchzulesen und mir Feedback zu geben. Wenn du Interesse hast, schreib mir und wenn du dir unsicher bist findest du unten einen Link zu einer der Geschichten, die in der Anthologie sein wird.<\/p>\n\n\n\n<div class=\"wp-block-kadence-advancedbtn kb-buttons-wrap kb-btns164_ca1c57-f7\"><a class=\"kb-button kt-button button kb-btn164_77cb76-6b kt-btn-size-standard kt-btn-width-type-auto kb-btn-global-fill  kt-btn-has-text-true kt-btn-has-svg-false  wp-block-kadence-singlebtn\" href=\"https:\/\/aureelian.itch.io\/swallows\"><span class=\"kt-btn-inner-text\">Zur Leseprobe<\/span><\/a><\/div>\n<\/div><\/div>\n\n\n\n<div class=\"wp-block-kadence-tab kt-tab-inner-content kt-inner-tab-5 kt-inner-tab164_1c5bf1-0f\"><div class=\"kt-tab-inner-content-inner\">\n<p>Derzeitig bin ich auf der Suche nach einem Cutter (m\/w\/d) f\u00fcr meine YouTube Videos. Haupts\u00e4chlich geht es darum, den Backlog von Folgen der Show &#8222;<a href=\"https:\/\/www.youtube.com\/playlist?list=PLLnlwFxn1prWgHXjzcqTwFuol4D6nW3UF\">The Quick Travellog<\/a>&#8220; zu schneiden. Da ich aktuell kein Budget habe, kann ichnur meine Eigenleistungen oder einmalige Gratifikation anbieten. Die Show ist ein Herzensprojekt und w\u00e4re schade, wenn sie nicht weitergef\u00fchrt werden k\u00f6nnte.<\/p>\n<\/div><\/div>\n<\/div><\/div><\/div>\n<\/div><\/div>\n\n<\/div><\/div>","protected":false},"excerpt":{"rendered":"<p>Aktuelle Projekte &amp; Kooperationen Gerade suchen wir Unterst\u00fctzung in folgenden Projekten und Bereichen. Bei Interesse schreib uns \u00fcber das Kontaktformular eine Nachricht.<\/p>\n","protected":false},"author":1,"featured_media":0,"parent":0,"menu_order":0,"comment_status":"closed","ping_status":"closed","template":"","meta":{"_swpsp_post_exclude":false,"footnotes":""},"class_list":["post-164","page","type-page","status-publish","hentry"],"yoast_head":"<!-- This site is optimized with the Yoast SEO plugin v27.1.1 - https:\/\/yoast.com\/product\/yoast-seo-wordpress\/ -->\n<title>Ausschreibungen - Murdertrain Productions<\/title>\n<meta name=\"robots\" content=\"index, follow, max-snippet:-1, max-image-preview:large, max-video-preview:-1\" \/>\n<link rel=\"canonical\" href=\"https:\/\/murdertrainproductions.com\/?page_id=164\" \/>\n<meta property=\"og:locale\" content=\"de_DE\" \/>\n<meta property=\"og:type\" content=\"article\" \/>\n<meta property=\"og:title\" content=\"Ausschreibungen - Murdertrain Productions\" \/>\n<meta property=\"og:description\" content=\"Aktuelle Projekte &amp; Kooperationen Gerade suchen wir Unterst\u00fctzung in folgenden Projekten und Bereichen. Bei Interesse schreib uns \u00fcber das Kontaktformular eine Nachricht.\" \/>\n<meta property=\"og:url\" content=\"https:\/\/murdertrainproductions.com\/?page_id=164\" \/>\n<meta property=\"og:site_name\" content=\"Murdertrain Productions\" \/>\n<meta property=\"article:modified_time\" content=\"2026-03-21T18:45:29+00:00\" \/>\n<meta name=\"twitter:card\" content=\"summary_large_image\" \/>\n<meta name=\"twitter:label1\" content=\"Gesch\u00e4tzte Lesezeit\" \/>\n\t<meta name=\"twitter:data1\" content=\"2 Minuten\" \/>\n<script type=\"application\/ld+json\" class=\"yoast-schema-graph\">{\"@context\":\"https:\/\/schema.org\",\"@graph\":[{\"@type\":\"WebPage\",\"@id\":\"https:\/\/murdertrainproductions.com\/?page_id=164\",\"url\":\"https:\/\/murdertrainproductions.com\/?page_id=164\",\"name\":\"Ausschreibungen - Murdertrain Productions\",\"isPartOf\":{\"@id\":\"https:\/\/murdertrainproductions.com\/#website\"},\"datePublished\":\"2026-03-14T13:27:34+00:00\",\"dateModified\":\"2026-03-21T18:45:29+00:00\",\"breadcrumb\":{\"@id\":\"https:\/\/murdertrainproductions.com\/?page_id=164#breadcrumb\"},\"inLanguage\":\"de-AT\",\"potentialAction\":[{\"@type\":\"ReadAction\",\"target\":[\"https:\/\/murdertrainproductions.com\/?page_id=164\"]}]},{\"@type\":\"BreadcrumbList\",\"@id\":\"https:\/\/murdertrainproductions.com\/?page_id=164#breadcrumb\",\"itemListElement\":[{\"@type\":\"ListItem\",\"position\":1,\"name\":\"Startseite\",\"item\":\"https:\/\/murdertrainproductions.com\/\"},{\"@type\":\"ListItem\",\"position\":2,\"name\":\"Ausschreibungen\"}]},{\"@type\":\"WebSite\",\"@id\":\"https:\/\/murdertrainproductions.com\/#website\",\"url\":\"https:\/\/murdertrainproductions.com\/\",\"name\":\"Murdertrain Productions\",\"description\":\"Events from Hell\",\"publisher\":{\"@id\":\"https:\/\/murdertrainproductions.com\/#organization\"},\"potentialAction\":[{\"@type\":\"SearchAction\",\"target\":{\"@type\":\"EntryPoint\",\"urlTemplate\":\"https:\/\/murdertrainproductions.com\/?s={search_term_string}\"},\"query-input\":{\"@type\":\"PropertyValueSpecification\",\"valueRequired\":true,\"valueName\":\"search_term_string\"}}],\"inLanguage\":\"de-AT\"},{\"@type\":\"Organization\",\"@id\":\"https:\/\/murdertrainproductions.com\/#organization\",\"name\":\"Murdertrain Productions\",\"url\":\"https:\/\/murdertrainproductions.com\/\",\"logo\":{\"@type\":\"ImageObject\",\"inLanguage\":\"de-AT\",\"@id\":\"https:\/\/murdertrainproductions.com\/#\/schema\/logo\/image\/\",\"url\":\"https:\/\/murdertrainproductions.com\/wp-content\/uploads\/2026\/02\/MP-logo-raw.png\",\"contentUrl\":\"https:\/\/murdertrainproductions.com\/wp-content\/uploads\/2026\/02\/MP-logo-raw.png\",\"width\":1904,\"height\":126,\"caption\":\"Murdertrain Productions\"},\"image\":{\"@id\":\"https:\/\/murdertrainproductions.com\/#\/schema\/logo\/image\/\"},\"sameAs\":[\"https:\/\/www.instagram.com\/aureelian\/\",\"https:\/\/www.youtube.com\/@aureelian_MP\"]}]}<\/script>\n<!-- \/ Yoast SEO plugin. -->","yoast_head_json":{"title":"Ausschreibungen - Murdertrain Productions","robots":{"index":"index","follow":"follow","max-snippet":"max-snippet:-1","max-image-preview":"max-image-preview:large","max-video-preview":"max-video-preview:-1"},"canonical":"https:\/\/murdertrainproductions.com\/?page_id=164","og_locale":"de_DE","og_type":"article","og_title":"Ausschreibungen - Murdertrain Productions","og_description":"Aktuelle Projekte &amp; Kooperationen Gerade suchen wir Unterst\u00fctzung in folgenden Projekten und Bereichen. Bei Interesse schreib uns \u00fcber das Kontaktformular eine Nachricht.","og_url":"https:\/\/murdertrainproductions.com\/?page_id=164","og_site_name":"Murdertrain Productions","article_modified_time":"2026-03-21T18:45:29+00:00","twitter_card":"summary_large_image","twitter_misc":{"Gesch\u00e4tzte Lesezeit":"2 Minuten"},"schema":{"@context":"https:\/\/schema.org","@graph":[{"@type":"WebPage","@id":"https:\/\/murdertrainproductions.com\/?page_id=164","url":"https:\/\/murdertrainproductions.com\/?page_id=164","name":"Ausschreibungen - Murdertrain Productions","isPartOf":{"@id":"https:\/\/murdertrainproductions.com\/#website"},"datePublished":"2026-03-14T13:27:34+00:00","dateModified":"2026-03-21T18:45:29+00:00","breadcrumb":{"@id":"https:\/\/murdertrainproductions.com\/?page_id=164#breadcrumb"},"inLanguage":"de-AT","potentialAction":[{"@type":"ReadAction","target":["https:\/\/murdertrainproductions.com\/?page_id=164"]}]},{"@type":"BreadcrumbList","@id":"https:\/\/murdertrainproductions.com\/?page_id=164#breadcrumb","itemListElement":[{"@type":"ListItem","position":1,"name":"Startseite","item":"https:\/\/murdertrainproductions.com\/"},{"@type":"ListItem","position":2,"name":"Ausschreibungen"}]},{"@type":"WebSite","@id":"https:\/\/murdertrainproductions.com\/#website","url":"https:\/\/murdertrainproductions.com\/","name":"Murdertrain Productions","description":"Events from Hell","publisher":{"@id":"https:\/\/murdertrainproductions.com\/#organization"},"potentialAction":[{"@type":"SearchAction","target":{"@type":"EntryPoint","urlTemplate":"https:\/\/murdertrainproductions.com\/?s={search_term_string}"},"query-input":{"@type":"PropertyValueSpecification","valueRequired":true,"valueName":"search_term_string"}}],"inLanguage":"de-AT"},{"@type":"Organization","@id":"https:\/\/murdertrainproductions.com\/#organization","name":"Murdertrain Productions","url":"https:\/\/murdertrainproductions.com\/","logo":{"@type":"ImageObject","inLanguage":"de-AT","@id":"https:\/\/murdertrainproductions.com\/#\/schema\/logo\/image\/","url":"https:\/\/murdertrainproductions.com\/wp-content\/uploads\/2026\/02\/MP-logo-raw.png","contentUrl":"https:\/\/murdertrainproductions.com\/wp-content\/uploads\/2026\/02\/MP-logo-raw.png","width":1904,"height":126,"caption":"Murdertrain Productions"},"image":{"@id":"https:\/\/murdertrainproductions.com\/#\/schema\/logo\/image\/"},"sameAs":["https:\/\/www.instagram.com\/aureelian\/","https:\/\/www.youtube.com\/@aureelian_MP"]}]}},"_links":{"self":[{"href":"https:\/\/murdertrainproductions.com\/index.php?rest_route=\/wp\/v2\/pages\/164","targetHints":{"allow":["GET"]}}],"collection":[{"href":"https:\/\/murdertrainproductions.com\/index.php?rest_route=\/wp\/v2\/pages"}],"about":[{"href":"https:\/\/murdertrainproductions.com\/index.php?rest_route=\/wp\/v2\/types\/page"}],"author":[{"embeddable":true,"href":"https:\/\/murdertrainproductions.com\/index.php?rest_route=\/wp\/v2\/users\/1"}],"replies":[{"embeddable":true,"href":"https:\/\/murdertrainproductions.com\/index.php?rest_route=%2Fwp%2Fv2%2Fcomments&post=164"}],"version-history":[{"count":4,"href":"https:\/\/murdertrainproductions.com\/index.php?rest_route=\/wp\/v2\/pages\/164\/revisions"}],"predecessor-version":[{"id":182,"href":"https:\/\/murdertrainproductions.com\/index.php?rest_route=\/wp\/v2\/pages\/164\/revisions\/182"}],"wp:attachment":[{"href":"https:\/\/murdertrainproductions.com\/index.php?rest_route=%2Fwp%2Fv2%2Fmedia&parent=164"}],"curies":[{"name":"wp","href":"https:\/\/api.w.org\/{rel}","templated":true}]}}